{"id":4178,"date":"2020-09-19T10:40:26","date_gmt":"2020-09-19T10:40:26","guid":{"rendered":"https:\/\/modelka.waw.pl\/agencja\/?page_id=4178"},"modified":"2020-09-19T10:40:26","modified_gmt":"2020-09-19T10:40:26","slug":"agencja-pr-warszawa-2","status":"publish","type":"page","link":"https:\/\/agencja.waw.pl\/warszawa\/agencja-pr-warszawa-2\/","title":{"rendered":"Agencja PR Warszawa"},"content":{"rendered":"\n<h3 class=\"wp-block-heading\">Jeste\u015bmy Najlepsz\u0105 Agencj\u0105 PR<br>&amp; Tego Si\u0119 Trzymamy<\/h3>\n\n\n\n<p>Potrafimy w spos\u00f3b niebanalny zwr\u00f3ci\u0107 uwag\u0119 czytelnika, zamiesza\u0107 mu troch\u0119 w g\u0142owie, aby powodowany ciekawo\u015bci\u0105 czyta\u0142 dalej i dalej\u2026<\/p>\n\n\n\n<p>Za to nam p\u0142ac\u0105. A p\u0142ac\u0105 od dawna i to najlepsi z najlepszych, oczywi\u015bcie. Nasza&nbsp;<em>Agencja PR<\/em>&nbsp;powsta\u0142a a raczej wyewaluowa\u0142a stosunkowo niedawno, ale jej korzenie si\u0119gaj\u0105 jeszcze ery, w kt\u00f3rej nie by\u0142o internetu i \u015brodk\u00f3w masowego przekazu.<\/p>\n\n\n\n<p><a href=\"htpps:\/\/agencjapr com\/agencja\/about\/\"><strong>Wi\u0119cej<\/strong>&nbsp;<\/a><\/p>\n\n\n\n<h3 class=\"wp-block-heading\">Nasze mocne strony<\/h3>\n\n\n\n<figure class=\"wp-block-image\"><img decoding=\"async\" src=\"https:\/\/agencja.waw.pl\/warszawa\/wp-content\/uploads\/2016\/05\/service-icon1.png\" alt=\"\" title=\"service-icon1\"\/><\/figure>\n\n\n\n<h3 class=\"wp-block-heading\">Projekt i plan<\/h3>\n\n\n\n<p>Przy zarz\u0105dzaniu projektem stosujemy tradycjne podej\u015bcie \u2013 sekwencji krok\u00f3w, etap\u00f3w do zrealizowania. W nielicznych przypadkach odst\u0119pujemy od tego sprawdzonego wieloletni\u0105 praktyk\u0105 modelu.&nbsp;<\/p>\n\n\n\n<p><em><strong>Waterfall Project Management<\/strong><\/em><\/p>\n\n\n\n<figure class=\"wp-block-image\"><img decoding=\"async\" src=\"https:\/\/agencja.waw.pl\/warszawa\/wp-content\/uploads\/2016\/05\/service-icon3.png\" alt=\"\" title=\"service-icon3\"\/><\/figure>\n\n\n\n<h3 class=\"wp-block-heading\">Realizacja<\/h3>\n\n\n\n<p>Realizacja projektu wed\u0142ug planu.<\/p>\n\n\n\n<ul class=\"wp-block-list\"><li><strong>zakres<\/strong><\/li><li><strong>jako\u015b\u0107<\/strong><\/li><li><strong>koszt<\/strong><\/li><li><strong>czas<\/strong><\/li><\/ul>\n\n\n\n<figure class=\"wp-block-image\"><img decoding=\"async\" src=\"https:\/\/agencja.waw.pl\/warszawa\/wp-content\/uploads\/2016\/05\/service-icon2.png\" alt=\"\" title=\"service-icon2\"\/><\/figure>\n\n\n\n<h3 class=\"wp-block-heading\">Planowanie, programowanie<\/h3>\n\n\n\n<p>Planujemy, programujemy, analizujemy mocne i s\u0142abe strony projekt\u00f3w. Proponujemy najlepsze rozwi\u0105zania oparte o indywidualne strtegie marketingowe skorelowane z w\u0105sk\u0105 analiz\u0105 przestrzeni rynku.<\/p>\n\n\n\n<figure class=\"wp-block-image\"><img decoding=\"async\" src=\"https:\/\/agencja.waw.pl\/warszawa\/wp-content\/uploads\/2016\/05\/service-icon4.png\" alt=\"\" title=\"service-icon4\"\/><\/figure>\n\n\n\n<h3 class=\"wp-block-heading\">Agencja Press<\/h3>\n\n\n\n<p>Komunikacja prasowa, medialna. Zapewniamy obs\u0142ug\u0119 prasow\u0105 i medialn\u0105 wydarze\u0144 organizowanych przez naszych klient\u00f3w. Informujemy o nowych etapach produkcji naszych inwestor\u00f3w, sponsor\u00f3w, go\u015bci, zar\u00f3wno szerok\u0105 jak i w\u0105sk\u0105 publiczno\u015b\u0107.<\/p>\n\n\n\n<h1 class=\"wp-block-heading\">INTERNATIONAL TEAM TRAVELERS<\/h1>\n\n\n\n<p><em>HTML, WORDPRESS, CULTURE, DESIGN, HISTORY, ART<\/em><\/p>\n\n\n\n<h3 class=\"wp-block-heading\">Jeste\u015bmy dumni z naszych osi\u0105gni\u0119\u0107.<\/h3>\n\n\n\n<p>W ka\u017cdy nasz sukces w\u0142o\u017cyli\u015bmy wiele wysi\u0142ku, wiele dni, tygodni, a czasem miesi\u0119cy. Najwy\u017csz\u0105 nagrod\u0105 dla Nas by\u0142 i jest zawsze zadowolony klient.<\/p>\n\n\n\n<h3 class=\"wp-block-heading\">Zgarn\u0119li\u015bmy wiele presti\u017cowych nagr\u00f3d.<\/h3>\n\n\n\n<p>\u2026 ale nie lubimy si\u0119 tym chwali\u0107. Wygrywali\u015bmy pierwsze nagrody, otrzymywali\u015bmy presti\u017cowe wyr\u00f3\u017cnienia, pisemne gratulacje, zaproszenia na bale dzi\u0119kczynne, wielo\u015bci form podzi\u0119kowania za Nasz\u0105 \u015bwietn\u0105 prac\u0119 trudno by\u0142oby wylicza\u0107 i mno\u017cy\u0107.<\/p>\n\n\n\n<h3 class=\"wp-block-heading\">Jeste\u015bmy super inteligentni.<\/h3>\n\n\n\n<p>Napewno jeste\u015bmy ponadprzeci\u0119tni, zorientowani na rynku, wiemy jakie s\u0105 trendy i jak u\u017cywa\u0107 narz\u0119dzi. Umiemy \u015bwietnie analizowa\u0107 i przewidywa\u0107 zachowanie konkurencji.<\/p>\n\n\n\n<p><a href=\"htpps:\/\/agencjapr com\/agencja\/about\/\"><strong>Wi\u0119cej<\/strong>&nbsp;<\/a><\/p>\n\n\n\n<h3 class=\"wp-block-heading\">Odwied\u017a nas w biurze<br>skontaktuj si\u0119 z wybranym dzia\u0142em<\/h3>\n\n\n\n<p><em>Marketing &amp; Communication<\/em><\/p>\n\n\n\n<h3 class=\"wp-block-heading\">London<\/h3>\n\n\n\n<p>United Kingdom, UK London, Soho<br>Email : london@agencjapr.com<em>Agenzia di relazioni pubbliche<\/em><\/p>\n\n\n\n<h3 class=\"wp-block-heading\">Rome<\/h3>\n\n\n\n<p>Italia, Roma, Trastevere<br>Email : rome@agencjapr.com<em>Agencja internetowa PR<\/em><\/p>\n\n\n\n<h3 class=\"wp-block-heading\">Warsaw<\/h3>\n\n\n\n<p>Polska, Warszawa, \u015ar\u00f3dmie\u015bcie<br>Phone : +48533-00-76-63<br>Email : warsaw@agencjapr.com<\/p>\n","protected":false},"excerpt":{"rendered":"<p>Jeste\u015bmy Najlepsz\u0105 Agencj\u0105 PR&amp; Tego Si\u0119 Trzymamy Potrafimy w spos\u00f3b niebanalny zwr\u00f3ci\u0107 uwag\u0119 czytelnika, zamiesza\u0107 mu troch\u0119 w g\u0142owie, aby powodowany ciekawo\u015bci\u0105 czyta\u0142 dalej i dalej\u2026 Za to nam p\u0142ac\u0105. A p\u0142ac\u0105 od dawna i to najlepsi z najlepszych, oczywi\u015bcie. Nasza&nbsp;Agencja PR&nbsp;powsta\u0142a a raczej wyewaluowa\u0142a stosunkowo niedawno, ale jej korzenie si\u0119gaj\u0105 jeszcze ery, w kt\u00f3rej [&hellip;]<\/p>\n","protected":false},"author":1,"featured_media":4173,"parent":0,"menu_order":0,"comment_status":"closed","ping_status":"closed","template":"","meta":{"footnotes":""},"class_list":["post-4178","page","type-page","status-publish","has-post-thumbnail","hentry"],"yoast_head":"<!-- This site is optimized with the Yoast SEO plugin v27.4 - https:\/\/yoast.com\/product\/yoast-seo-wordpress\/ -->\n<title>Agencja PR Warszawa - Agencja Warszawa<\/title>\n<meta name=\"robots\" content=\"index, follow, max-snippet:-1, max-image-preview:large, max-video-preview:-1\" \/>\n<link rel=\"canonical\" href=\"https:\/\/agencja.waw.pl\/warszawa\/agencja-pr-warszawa-2\/\" \/>\n<meta property=\"og:locale\" content=\"pl_PL\" \/>\n<meta property=\"og:type\" content=\"article\" \/>\n<meta property=\"og:title\" content=\"Agencja PR Warszawa - Agencja Warszawa\" \/>\n<meta property=\"og:description\" content=\"Jeste\u015bmy Najlepsz\u0105 Agencj\u0105 PR&amp; Tego Si\u0119 Trzymamy Potrafimy w spos\u00f3b niebanalny zwr\u00f3ci\u0107 uwag\u0119 czytelnika, zamiesza\u0107 mu troch\u0119 w g\u0142owie, aby powodowany ciekawo\u015bci\u0105 czyta\u0142 dalej i dalej\u2026 Za to nam p\u0142ac\u0105. A p\u0142ac\u0105 od dawna i to najlepsi z najlepszych, oczywi\u015bcie. Nasza&nbsp;Agencja PR&nbsp;powsta\u0142a a raczej wyewaluowa\u0142a stosunkowo niedawno, ale jej korzenie si\u0119gaj\u0105 jeszcze ery, w kt\u00f3rej [&hellip;]\" \/>\n<meta property=\"og:url\" content=\"https:\/\/agencja.waw.pl\/warszawa\/agencja-pr-warszawa-2\/\" \/>\n<meta property=\"og:site_name\" content=\"Agencja Warszawa\" \/>\n<meta property=\"og:image\" content=\"https:\/\/agencja.waw.pl\/warszawa\/wp-content\/uploads\/2020\/09\/fotograf2020.jpg\" \/>\n\t<meta property=\"og:image:width\" content=\"1600\" \/>\n\t<meta property=\"og:image:height\" content=\"1067\" \/>\n\t<meta property=\"og:image:type\" content=\"image\/jpeg\" \/>\n<meta name=\"twitter:card\" content=\"summary_large_image\" \/>\n<meta name=\"twitter:label1\" content=\"Szacowany czas czytania\" \/>\n\t<meta name=\"twitter:data1\" content=\"2 minuty\" \/>\n<script type=\"application\/ld+json\" class=\"yoast-schema-graph\">{\"@context\":\"https:\\\/\\\/schema.org\",\"@graph\":[{\"@type\":\"WebPage\",\"@id\":\"https:\\\/\\\/agencja.waw.pl\\\/warszawa\\\/agencja-pr-warszawa-2\\\/\",\"url\":\"https:\\\/\\\/agencja.waw.pl\\\/warszawa\\\/agencja-pr-warszawa-2\\\/\",\"name\":\"Agencja PR Warszawa - Agencja Warszawa\",\"isPartOf\":{\"@id\":\"https:\\\/\\\/agencja.waw.pl\\\/warszawa\\\/#website\"},\"primaryImageOfPage\":{\"@id\":\"https:\\\/\\\/agencja.waw.pl\\\/warszawa\\\/agencja-pr-warszawa-2\\\/#primaryimage\"},\"image\":{\"@id\":\"https:\\\/\\\/agencja.waw.pl\\\/warszawa\\\/agencja-pr-warszawa-2\\\/#primaryimage\"},\"thumbnailUrl\":\"https:\\\/\\\/agencja.waw.pl\\\/warszawa\\\/wp-content\\\/uploads\\\/2020\\\/09\\\/fotograf2020.jpg\",\"datePublished\":\"2020-09-19T10:40:26+00:00\",\"inLanguage\":\"pl-PL\",\"potentialAction\":[{\"@type\":\"ReadAction\",\"target\":[\"https:\\\/\\\/agencja.waw.pl\\\/warszawa\\\/agencja-pr-warszawa-2\\\/\"]}]},{\"@type\":\"ImageObject\",\"inLanguage\":\"pl-PL\",\"@id\":\"https:\\\/\\\/agencja.waw.pl\\\/warszawa\\\/agencja-pr-warszawa-2\\\/#primaryimage\",\"url\":\"https:\\\/\\\/agencja.waw.pl\\\/warszawa\\\/wp-content\\\/uploads\\\/2020\\\/09\\\/fotograf2020.jpg\",\"contentUrl\":\"https:\\\/\\\/agencja.waw.pl\\\/warszawa\\\/wp-content\\\/uploads\\\/2020\\\/09\\\/fotograf2020.jpg\",\"width\":1600,\"height\":1067,\"caption\":\"agencja pr warszawa\"},{\"@type\":\"WebSite\",\"@id\":\"https:\\\/\\\/agencja.waw.pl\\\/warszawa\\\/#website\",\"url\":\"https:\\\/\\\/agencja.waw.pl\\\/warszawa\\\/\",\"name\":\"Agencja Warszawa\",\"description\":\"Agencja PR\",\"potentialAction\":[{\"@type\":\"SearchAction\",\"target\":{\"@type\":\"EntryPoint\",\"urlTemplate\":\"https:\\\/\\\/agencja.waw.pl\\\/warszawa\\\/?s={search_term_string}\"},\"query-input\":{\"@type\":\"PropertyValueSpecification\",\"valueRequired\":true,\"valueName\":\"search_term_string\"}}],\"inLanguage\":\"pl-PL\"}]}<\/script>\n<!-- \/ Yoast SEO plugin. -->","yoast_head_json":{"title":"Agencja PR Warszawa - Agencja Warszawa","robots":{"index":"index","follow":"follow","max-snippet":"max-snippet:-1","max-image-preview":"max-image-preview:large","max-video-preview":"max-video-preview:-1"},"canonical":"https:\/\/agencja.waw.pl\/warszawa\/agencja-pr-warszawa-2\/","og_locale":"pl_PL","og_type":"article","og_title":"Agencja PR Warszawa - Agencja Warszawa","og_description":"Jeste\u015bmy Najlepsz\u0105 Agencj\u0105 PR&amp; Tego Si\u0119 Trzymamy Potrafimy w spos\u00f3b niebanalny zwr\u00f3ci\u0107 uwag\u0119 czytelnika, zamiesza\u0107 mu troch\u0119 w g\u0142owie, aby powodowany ciekawo\u015bci\u0105 czyta\u0142 dalej i dalej\u2026 Za to nam p\u0142ac\u0105. A p\u0142ac\u0105 od dawna i to najlepsi z najlepszych, oczywi\u015bcie. Nasza&nbsp;Agencja PR&nbsp;powsta\u0142a a raczej wyewaluowa\u0142a stosunkowo niedawno, ale jej korzenie si\u0119gaj\u0105 jeszcze ery, w kt\u00f3rej [&hellip;]","og_url":"https:\/\/agencja.waw.pl\/warszawa\/agencja-pr-warszawa-2\/","og_site_name":"Agencja Warszawa","og_image":[{"width":1600,"height":1067,"url":"https:\/\/agencja.waw.pl\/warszawa\/wp-content\/uploads\/2020\/09\/fotograf2020.jpg","type":"image\/jpeg"}],"twitter_card":"summary_large_image","twitter_misc":{"Szacowany czas czytania":"2 minuty"},"schema":{"@context":"https:\/\/schema.org","@graph":[{"@type":"WebPage","@id":"https:\/\/agencja.waw.pl\/warszawa\/agencja-pr-warszawa-2\/","url":"https:\/\/agencja.waw.pl\/warszawa\/agencja-pr-warszawa-2\/","name":"Agencja PR Warszawa - Agencja Warszawa","isPartOf":{"@id":"https:\/\/agencja.waw.pl\/warszawa\/#website"},"primaryImageOfPage":{"@id":"https:\/\/agencja.waw.pl\/warszawa\/agencja-pr-warszawa-2\/#primaryimage"},"image":{"@id":"https:\/\/agencja.waw.pl\/warszawa\/agencja-pr-warszawa-2\/#primaryimage"},"thumbnailUrl":"https:\/\/agencja.waw.pl\/warszawa\/wp-content\/uploads\/2020\/09\/fotograf2020.jpg","datePublished":"2020-09-19T10:40:26+00:00","inLanguage":"pl-PL","potentialAction":[{"@type":"ReadAction","target":["https:\/\/agencja.waw.pl\/warszawa\/agencja-pr-warszawa-2\/"]}]},{"@type":"ImageObject","inLanguage":"pl-PL","@id":"https:\/\/agencja.waw.pl\/warszawa\/agencja-pr-warszawa-2\/#primaryimage","url":"https:\/\/agencja.waw.pl\/warszawa\/wp-content\/uploads\/2020\/09\/fotograf2020.jpg","contentUrl":"https:\/\/agencja.waw.pl\/warszawa\/wp-content\/uploads\/2020\/09\/fotograf2020.jpg","width":1600,"height":1067,"caption":"agencja pr warszawa"},{"@type":"WebSite","@id":"https:\/\/agencja.waw.pl\/warszawa\/#website","url":"https:\/\/agencja.waw.pl\/warszawa\/","name":"Agencja Warszawa","description":"Agencja PR","potentialAction":[{"@type":"SearchAction","target":{"@type":"EntryPoint","urlTemplate":"https:\/\/agencja.waw.pl\/warszawa\/?s={search_term_string}"},"query-input":{"@type":"PropertyValueSpecification","valueRequired":true,"valueName":"search_term_string"}}],"inLanguage":"pl-PL"}]}},"_links":{"self":[{"href":"https:\/\/agencja.waw.pl\/warszawa\/wp-json\/wp\/v2\/pages\/4178","targetHints":{"allow":["GET"]}}],"collection":[{"href":"https:\/\/agencja.waw.pl\/warszawa\/wp-json\/wp\/v2\/pages"}],"about":[{"href":"https:\/\/agencja.waw.pl\/warszawa\/wp-json\/wp\/v2\/types\/page"}],"author":[{"embeddable":true,"href":"https:\/\/agencja.waw.pl\/warszawa\/wp-json\/wp\/v2\/users\/1"}],"replies":[{"embeddable":true,"href":"https:\/\/agencja.waw.pl\/warszawa\/wp-json\/wp\/v2\/comments?post=4178"}],"version-history":[{"count":0,"href":"https:\/\/agencja.waw.pl\/warszawa\/wp-json\/wp\/v2\/pages\/4178\/revisions"}],"wp:featuredmedia":[{"embeddable":true,"href":"https:\/\/agencja.waw.pl\/warszawa\/wp-json\/wp\/v2\/media\/4173"}],"wp:attachment":[{"href":"https:\/\/agencja.waw.pl\/warszawa\/wp-json\/wp\/v2\/media?parent=4178"}],"curies":[{"name":"wp","href":"https:\/\/api.w.org\/{rel}","templated":true}]}}