{"id":4256,"date":"2022-02-08T20:39:14","date_gmt":"2022-02-08T20:39:14","guid":{"rendered":"https:\/\/modelka.waw.pl\/agencja\/?page_id=4247"},"modified":"2022-02-08T20:39:14","modified_gmt":"2022-02-08T20:39:14","slug":"sprzedaz-domeny-strony","status":"publish","type":"page","link":"https:\/\/agencja.waw.pl\/warszawa\/sprzedaz-domeny-strony\/","title":{"rendered":"Sprzeda\u017c domeny, strony"},"content":{"rendered":"\n<h2 class=\"wp-block-heading\" id=\"nasza-strona-na-sprzedaz-agencja-zawieszona-ale-dobra-domena-zostala-zapraszam-do-kontaktu-mozna-odkupic-za-rozsadna-cene-agencjapr-com\">Nasza strona na sprzeda\u017c. Agencja zawieszona, ale dobra domena zosta\u0142a. Zapraszam do kontaktu, mo\u017cna odkupi\u0107 za rozs\u0105dn\u0105 cen\u0119. AGENCJAPR.COM<\/h2>\n\n\n\n<h2 class=\"wp-block-heading\" id=\"trudno-o-lepszy-adres-dla-agencji-pr-public-relations\">Trudno o lepszy adres dla Agencji PR &#8211; Public Relations.<\/h2>\n\n\n\n<h2 class=\"wp-block-heading\" id=\"wartosc-szacunkowa-1342\">Warto\u015b\u0107 szacunkowa:&nbsp;<strong>1342 $<\/strong><\/h2>\n\n\n\n<div class=\"wp-block-buttons is-content-justification-right is-layout-flex wp-container-core-buttons-is-layout-d445cf74 wp-block-buttons-is-layout-flex\">\n<div class=\"wp-block-button\"><a class=\"wp-block-button__link has-black-color has-luminous-vivid-orange-background-color has-text-color has-background\" href=\"https:\/\/www.aftermarket.pl\/domena\/agencjapr.com\/\"><strong>Kup w promocji za\u00a0990pln<\/strong><\/a><\/div>\n<\/div>\n","protected":false},"excerpt":{"rendered":"<p>Nasza strona na sprzeda\u017c. Agencja zawieszona, ale dobra domena zosta\u0142a. Zapraszam do kontaktu, mo\u017cna odkupi\u0107 za rozs\u0105dn\u0105 cen\u0119. AGENCJAPR.COM Trudno o lepszy adres dla Agencji PR &#8211; Public Relations. Warto\u015b\u0107 szacunkowa:&nbsp;1342 $<\/p>\n","protected":false},"author":1,"featured_media":0,"parent":0,"menu_order":0,"comment_status":"closed","ping_status":"closed","template":"","meta":{"footnotes":""},"class_list":["post-4256","page","type-page","status-publish","hentry"],"yoast_head":"<!-- This site is optimized with the Yoast SEO plugin v27.4 - https:\/\/yoast.com\/product\/yoast-seo-wordpress\/ -->\n<title>Sprzeda\u017c domeny, strony - Agencja Warszawa<\/title>\n<meta name=\"description\" content=\"Nasza strona na sprzeda\u017c. Agencja zawieszona, ale dobra domena zosta\u0142a. Zapraszam do kontaktu, mo\u017cna odkupi\u0107 za rozs\u0105dn\u0105 cen\u0119. AGENCJAPR.COM\" \/>\n<meta name=\"robots\" content=\"index, follow, max-snippet:-1, max-image-preview:large, max-video-preview:-1\" \/>\n<link rel=\"canonical\" href=\"https:\/\/agencja.waw.pl\/warszawa\/sprzedaz-domeny-strony\/\" \/>\n<meta property=\"og:locale\" content=\"pl_PL\" \/>\n<meta property=\"og:type\" content=\"article\" \/>\n<meta property=\"og:title\" content=\"Sprzeda\u017c domeny, strony - Agencja Warszawa\" \/>\n<meta property=\"og:description\" content=\"Nasza strona na sprzeda\u017c. Agencja zawieszona, ale dobra domena zosta\u0142a. Zapraszam do kontaktu, mo\u017cna odkupi\u0107 za rozs\u0105dn\u0105 cen\u0119. AGENCJAPR.COM\" \/>\n<meta property=\"og:url\" content=\"https:\/\/agencja.waw.pl\/warszawa\/sprzedaz-domeny-strony\/\" \/>\n<meta property=\"og:site_name\" content=\"Agencja Warszawa\" \/>\n<meta name=\"twitter:card\" content=\"summary_large_image\" \/>\n<meta name=\"twitter:label1\" content=\"Szacowany czas czytania\" \/>\n\t<meta name=\"twitter:data1\" content=\"1 minuta\" \/>\n<script type=\"application\/ld+json\" class=\"yoast-schema-graph\">{\"@context\":\"https:\\\/\\\/schema.org\",\"@graph\":[{\"@type\":\"WebPage\",\"@id\":\"https:\\\/\\\/agencja.waw.pl\\\/warszawa\\\/sprzedaz-domeny-strony\\\/\",\"url\":\"https:\\\/\\\/agencja.waw.pl\\\/warszawa\\\/sprzedaz-domeny-strony\\\/\",\"name\":\"Sprzeda\u017c domeny, strony - Agencja Warszawa\",\"isPartOf\":{\"@id\":\"https:\\\/\\\/agencja.waw.pl\\\/warszawa\\\/#website\"},\"datePublished\":\"2022-02-08T20:39:14+00:00\",\"description\":\"Nasza strona na sprzeda\u017c. Agencja zawieszona, ale dobra domena zosta\u0142a. Zapraszam do kontaktu, mo\u017cna odkupi\u0107 za rozs\u0105dn\u0105 cen\u0119. AGENCJAPR.COM\",\"inLanguage\":\"pl-PL\",\"potentialAction\":[{\"@type\":\"ReadAction\",\"target\":[\"https:\\\/\\\/agencja.waw.pl\\\/warszawa\\\/sprzedaz-domeny-strony\\\/\"]}]},{\"@type\":\"WebSite\",\"@id\":\"https:\\\/\\\/agencja.waw.pl\\\/warszawa\\\/#website\",\"url\":\"https:\\\/\\\/agencja.waw.pl\\\/warszawa\\\/\",\"name\":\"Agencja Warszawa\",\"description\":\"Agencja PR\",\"potentialAction\":[{\"@type\":\"SearchAction\",\"target\":{\"@type\":\"EntryPoint\",\"urlTemplate\":\"https:\\\/\\\/agencja.waw.pl\\\/warszawa\\\/?s={search_term_string}\"},\"query-input\":{\"@type\":\"PropertyValueSpecification\",\"valueRequired\":true,\"valueName\":\"search_term_string\"}}],\"inLanguage\":\"pl-PL\"}]}<\/script>\n<!-- \/ Yoast SEO plugin. -->","yoast_head_json":{"title":"Sprzeda\u017c domeny, strony - Agencja Warszawa","description":"Nasza strona na sprzeda\u017c. Agencja zawieszona, ale dobra domena zosta\u0142a. Zapraszam do kontaktu, mo\u017cna odkupi\u0107 za rozs\u0105dn\u0105 cen\u0119. AGENCJAPR.COM","robots":{"index":"index","follow":"follow","max-snippet":"max-snippet:-1","max-image-preview":"max-image-preview:large","max-video-preview":"max-video-preview:-1"},"canonical":"https:\/\/agencja.waw.pl\/warszawa\/sprzedaz-domeny-strony\/","og_locale":"pl_PL","og_type":"article","og_title":"Sprzeda\u017c domeny, strony - Agencja Warszawa","og_description":"Nasza strona na sprzeda\u017c. Agencja zawieszona, ale dobra domena zosta\u0142a. Zapraszam do kontaktu, mo\u017cna odkupi\u0107 za rozs\u0105dn\u0105 cen\u0119. AGENCJAPR.COM","og_url":"https:\/\/agencja.waw.pl\/warszawa\/sprzedaz-domeny-strony\/","og_site_name":"Agencja Warszawa","twitter_card":"summary_large_image","twitter_misc":{"Szacowany czas czytania":"1 minuta"},"schema":{"@context":"https:\/\/schema.org","@graph":[{"@type":"WebPage","@id":"https:\/\/agencja.waw.pl\/warszawa\/sprzedaz-domeny-strony\/","url":"https:\/\/agencja.waw.pl\/warszawa\/sprzedaz-domeny-strony\/","name":"Sprzeda\u017c domeny, strony - Agencja Warszawa","isPartOf":{"@id":"https:\/\/agencja.waw.pl\/warszawa\/#website"},"datePublished":"2022-02-08T20:39:14+00:00","description":"Nasza strona na sprzeda\u017c. Agencja zawieszona, ale dobra domena zosta\u0142a. Zapraszam do kontaktu, mo\u017cna odkupi\u0107 za rozs\u0105dn\u0105 cen\u0119. AGENCJAPR.COM","inLanguage":"pl-PL","potentialAction":[{"@type":"ReadAction","target":["https:\/\/agencja.waw.pl\/warszawa\/sprzedaz-domeny-strony\/"]}]},{"@type":"WebSite","@id":"https:\/\/agencja.waw.pl\/warszawa\/#website","url":"https:\/\/agencja.waw.pl\/warszawa\/","name":"Agencja Warszawa","description":"Agencja PR","potentialAction":[{"@type":"SearchAction","target":{"@type":"EntryPoint","urlTemplate":"https:\/\/agencja.waw.pl\/warszawa\/?s={search_term_string}"},"query-input":{"@type":"PropertyValueSpecification","valueRequired":true,"valueName":"search_term_string"}}],"inLanguage":"pl-PL"}]}},"_links":{"self":[{"href":"https:\/\/agencja.waw.pl\/warszawa\/wp-json\/wp\/v2\/pages\/4256","targetHints":{"allow":["GET"]}}],"collection":[{"href":"https:\/\/agencja.waw.pl\/warszawa\/wp-json\/wp\/v2\/pages"}],"about":[{"href":"https:\/\/agencja.waw.pl\/warszawa\/wp-json\/wp\/v2\/types\/page"}],"author":[{"embeddable":true,"href":"https:\/\/agencja.waw.pl\/warszawa\/wp-json\/wp\/v2\/users\/1"}],"replies":[{"embeddable":true,"href":"https:\/\/agencja.waw.pl\/warszawa\/wp-json\/wp\/v2\/comments?post=4256"}],"version-history":[{"count":0,"href":"https:\/\/agencja.waw.pl\/warszawa\/wp-json\/wp\/v2\/pages\/4256\/revisions"}],"wp:attachment":[{"href":"https:\/\/agencja.waw.pl\/warszawa\/wp-json\/wp\/v2\/media?parent=4256"}],"curies":[{"name":"wp","href":"https:\/\/api.w.org\/{rel}","templated":true}]}}