{"id":4338,"date":"2023-08-07T09:06:31","date_gmt":"2023-08-07T09:06:31","guid":{"rendered":"https:\/\/modelka.waw.pl\/agencja\/?page_id=4338"},"modified":"2023-08-07T09:06:31","modified_gmt":"2023-08-07T09:06:31","slug":"jaka-jest-najlepsza-nazwa-dla-agencji","status":"publish","type":"page","link":"https:\/\/agencja.waw.pl\/warszawa\/jaka-jest-najlepsza-nazwa-dla-agencji\/","title":{"rendered":"Jaka jest najlepsza nazwa dla agencji"},"content":{"rendered":"\n<h2 class=\"wp-block-heading\">Domena, nazwa internetowa<\/h2>\n\n\n\n<p>Najlepsza nazwa powinna przykuwa\u0107 uwag\u0119 i ma by\u0107 \u0142atwa do zapami\u0119tania. Klient od razu powinien wiedzie\u0107 czego dotyczy strona. Dlatego nazwa jest taka wa\u017cna przy budowaniu wizerunku w internecie.<\/p>\n\n\n\n<h2 class=\"wp-block-heading\">Najwa\u017cniejsza jest domena<\/h2>\n\n\n\n<p>Najwa\u017cniejsza jest dobra chwytliwa nazwa domeny. Kr\u00f3tka i zwi\u0119z\u0142a. Taka, \u017ceby mie\u015bci\u0142a si\u0119 w pasku adrsu przegl\u0105dania.<\/p>\n\n\n\n<p>Na przyk\u0142ad nazwa: Agencja Public Relations Bo\u017cena Kwiatkowska mo\u017ce mie\u0107 przykladowe nazwy:<\/p>\n\n\n\n<ul class=\"wp-block-list\">\n<li>Bo\u017cenaKwiatkowska.pl<\/li>\n\n\n\n<li>AgencjaPublicRelations.com<\/li>\n\n\n\n<li>AgencjaBo\u017cena.com<\/li>\n\n\n\n<li>AgencjaPr.com<\/li>\n<\/ul>\n\n\n\n<p>Kt\u00f3r\u0105 wybierasz ?<\/p>\n","protected":false},"excerpt":{"rendered":"<p>Domena, nazwa internetowa Najlepsza nazwa powinna przykuwa\u0107 uwag\u0119 i ma by\u0107 \u0142atwa do zapami\u0119tania. Klient od razu powinien wiedzie\u0107 czego dotyczy strona. Dlatego nazwa jest taka wa\u017cna przy budowaniu wizerunku w internecie. Najwa\u017cniejsza jest domena Najwa\u017cniejsza jest dobra chwytliwa nazwa domeny. Kr\u00f3tka i zwi\u0119z\u0142a. Taka, \u017ceby mie\u015bci\u0142a si\u0119 w pasku adrsu przegl\u0105dania. Na przyk\u0142ad nazwa: [&hellip;]<\/p>\n","protected":false},"author":1,"featured_media":0,"parent":0,"menu_order":0,"comment_status":"closed","ping_status":"closed","template":"","meta":{"footnotes":""},"class_list":["post-4338","page","type-page","status-publish","hentry"],"yoast_head":"<!-- This site is optimized with the Yoast SEO plugin v27.4 - https:\/\/yoast.com\/product\/yoast-seo-wordpress\/ -->\n<title>Jaka jest najlepsza nazwa dla agencji - Agencja Warszawa<\/title>\n<meta name=\"robots\" content=\"index, follow, max-snippet:-1, max-image-preview:large, max-video-preview:-1\" \/>\n<link rel=\"canonical\" href=\"https:\/\/agencja.waw.pl\/warszawa\/jaka-jest-najlepsza-nazwa-dla-agencji\/\" \/>\n<meta property=\"og:locale\" content=\"pl_PL\" \/>\n<meta property=\"og:type\" content=\"article\" \/>\n<meta property=\"og:title\" content=\"Jaka jest najlepsza nazwa dla agencji - Agencja Warszawa\" \/>\n<meta property=\"og:description\" content=\"Domena, nazwa internetowa Najlepsza nazwa powinna przykuwa\u0107 uwag\u0119 i ma by\u0107 \u0142atwa do zapami\u0119tania. Klient od razu powinien wiedzie\u0107 czego dotyczy strona. Dlatego nazwa jest taka wa\u017cna przy budowaniu wizerunku w internecie. Najwa\u017cniejsza jest domena Najwa\u017cniejsza jest dobra chwytliwa nazwa domeny. Kr\u00f3tka i zwi\u0119z\u0142a. Taka, \u017ceby mie\u015bci\u0142a si\u0119 w pasku adrsu przegl\u0105dania. Na przyk\u0142ad nazwa: [&hellip;]\" \/>\n<meta property=\"og:url\" content=\"https:\/\/agencja.waw.pl\/warszawa\/jaka-jest-najlepsza-nazwa-dla-agencji\/\" \/>\n<meta property=\"og:site_name\" content=\"Agencja Warszawa\" \/>\n<meta name=\"twitter:card\" content=\"summary_large_image\" \/>\n<meta name=\"twitter:label1\" content=\"Szacowany czas czytania\" \/>\n\t<meta name=\"twitter:data1\" content=\"1 minuta\" \/>\n<script type=\"application\/ld+json\" class=\"yoast-schema-graph\">{\"@context\":\"https:\\\/\\\/schema.org\",\"@graph\":[{\"@type\":\"WebPage\",\"@id\":\"https:\\\/\\\/agencja.waw.pl\\\/warszawa\\\/jaka-jest-najlepsza-nazwa-dla-agencji\\\/\",\"url\":\"https:\\\/\\\/agencja.waw.pl\\\/warszawa\\\/jaka-jest-najlepsza-nazwa-dla-agencji\\\/\",\"name\":\"Jaka jest najlepsza nazwa dla agencji - Agencja Warszawa\",\"isPartOf\":{\"@id\":\"https:\\\/\\\/agencja.waw.pl\\\/warszawa\\\/#website\"},\"datePublished\":\"2023-08-07T09:06:31+00:00\",\"inLanguage\":\"pl-PL\",\"potentialAction\":[{\"@type\":\"ReadAction\",\"target\":[\"https:\\\/\\\/agencja.waw.pl\\\/warszawa\\\/jaka-jest-najlepsza-nazwa-dla-agencji\\\/\"]}]},{\"@type\":\"WebSite\",\"@id\":\"https:\\\/\\\/agencja.waw.pl\\\/warszawa\\\/#website\",\"url\":\"https:\\\/\\\/agencja.waw.pl\\\/warszawa\\\/\",\"name\":\"Agencja Warszawa\",\"description\":\"Agencja PR\",\"potentialAction\":[{\"@type\":\"SearchAction\",\"target\":{\"@type\":\"EntryPoint\",\"urlTemplate\":\"https:\\\/\\\/agencja.waw.pl\\\/warszawa\\\/?s={search_term_string}\"},\"query-input\":{\"@type\":\"PropertyValueSpecification\",\"valueRequired\":true,\"valueName\":\"search_term_string\"}}],\"inLanguage\":\"pl-PL\"}]}<\/script>\n<!-- \/ Yoast SEO plugin. -->","yoast_head_json":{"title":"Jaka jest najlepsza nazwa dla agencji - Agencja Warszawa","robots":{"index":"index","follow":"follow","max-snippet":"max-snippet:-1","max-image-preview":"max-image-preview:large","max-video-preview":"max-video-preview:-1"},"canonical":"https:\/\/agencja.waw.pl\/warszawa\/jaka-jest-najlepsza-nazwa-dla-agencji\/","og_locale":"pl_PL","og_type":"article","og_title":"Jaka jest najlepsza nazwa dla agencji - Agencja Warszawa","og_description":"Domena, nazwa internetowa Najlepsza nazwa powinna przykuwa\u0107 uwag\u0119 i ma by\u0107 \u0142atwa do zapami\u0119tania. Klient od razu powinien wiedzie\u0107 czego dotyczy strona. Dlatego nazwa jest taka wa\u017cna przy budowaniu wizerunku w internecie. Najwa\u017cniejsza jest domena Najwa\u017cniejsza jest dobra chwytliwa nazwa domeny. Kr\u00f3tka i zwi\u0119z\u0142a. Taka, \u017ceby mie\u015bci\u0142a si\u0119 w pasku adrsu przegl\u0105dania. Na przyk\u0142ad nazwa: [&hellip;]","og_url":"https:\/\/agencja.waw.pl\/warszawa\/jaka-jest-najlepsza-nazwa-dla-agencji\/","og_site_name":"Agencja Warszawa","twitter_card":"summary_large_image","twitter_misc":{"Szacowany czas czytania":"1 minuta"},"schema":{"@context":"https:\/\/schema.org","@graph":[{"@type":"WebPage","@id":"https:\/\/agencja.waw.pl\/warszawa\/jaka-jest-najlepsza-nazwa-dla-agencji\/","url":"https:\/\/agencja.waw.pl\/warszawa\/jaka-jest-najlepsza-nazwa-dla-agencji\/","name":"Jaka jest najlepsza nazwa dla agencji - Agencja Warszawa","isPartOf":{"@id":"https:\/\/agencja.waw.pl\/warszawa\/#website"},"datePublished":"2023-08-07T09:06:31+00:00","inLanguage":"pl-PL","potentialAction":[{"@type":"ReadAction","target":["https:\/\/agencja.waw.pl\/warszawa\/jaka-jest-najlepsza-nazwa-dla-agencji\/"]}]},{"@type":"WebSite","@id":"https:\/\/agencja.waw.pl\/warszawa\/#website","url":"https:\/\/agencja.waw.pl\/warszawa\/","name":"Agencja Warszawa","description":"Agencja PR","potentialAction":[{"@type":"SearchAction","target":{"@type":"EntryPoint","urlTemplate":"https:\/\/agencja.waw.pl\/warszawa\/?s={search_term_string}"},"query-input":{"@type":"PropertyValueSpecification","valueRequired":true,"valueName":"search_term_string"}}],"inLanguage":"pl-PL"}]}},"_links":{"self":[{"href":"https:\/\/agencja.waw.pl\/warszawa\/wp-json\/wp\/v2\/pages\/4338","targetHints":{"allow":["GET"]}}],"collection":[{"href":"https:\/\/agencja.waw.pl\/warszawa\/wp-json\/wp\/v2\/pages"}],"about":[{"href":"https:\/\/agencja.waw.pl\/warszawa\/wp-json\/wp\/v2\/types\/page"}],"author":[{"embeddable":true,"href":"https:\/\/agencja.waw.pl\/warszawa\/wp-json\/wp\/v2\/users\/1"}],"replies":[{"embeddable":true,"href":"https:\/\/agencja.waw.pl\/warszawa\/wp-json\/wp\/v2\/comments?post=4338"}],"version-history":[{"count":0,"href":"https:\/\/agencja.waw.pl\/warszawa\/wp-json\/wp\/v2\/pages\/4338\/revisions"}],"wp:attachment":[{"href":"https:\/\/agencja.waw.pl\/warszawa\/wp-json\/wp\/v2\/media?parent=4338"}],"curies":[{"name":"wp","href":"https:\/\/api.w.org\/{rel}","templated":true}]}}